{"id":17,"date":"2019-11-26T19:23:20","date_gmt":"2019-11-26T19:23:20","guid":{"rendered":"http:\/\/padcomunicacion.com\/?page_id=17"},"modified":"2021-10-14T15:44:33","modified_gmt":"2021-10-14T15:44:33","slug":"produccion","status":"publish","type":"page","link":"http:\/\/padcomunicacion.com\/index.php\/produccion\/","title":{"rendered":"Producci\u00f3n"},"content":{"rendered":"\t\t<div data-elementor-type=\"wp-page\" data-elementor-id=\"17\" class=\"elementor elementor-17\">\n\t\t\t\t\t\t<section class=\"elementor-section elementor-top-section elementor-element elementor-element-804b6c5 elementor-section-boxed elementor-section-height-default elementor-section-height-default\" data-id=\"804b6c5\" data-element_type=\"section\" data-e-type=\"section\">\n\t\t\t\t\t\t<div class=\"elementor-container elementor-column-gap-default\">\n\t\t\t\t\t<div class=\"elementor-column elementor-col-100 elementor-top-column elementor-element elementor-element-88de89e\" data-id=\"88de89e\" data-element_type=\"column\" data-e-type=\"column\">\n\t\t\t<div class=\"elementor-widget-wrap elementor-element-populated\">\n\t\t\t\t\t\t<div class=\"elementor-element elementor-element-99a7f12 elementor-widget elementor-widget-heading\" data-id=\"99a7f12\" data-element_type=\"widget\" data-e-type=\"widget\" data-widget_type=\"heading.default\">\n\t\t\t\t<div class=\"elementor-widget-container\">\n\t\t\t\t\t<h1 class=\"elementor-heading-title elementor-size-xl\">PRODUCCI\u00d3N<\/h1>\t\t\t\t<\/div>\n\t\t\t\t<\/div>\n\t\t\t\t\t<\/div>\n\t\t<\/div>\n\t\t\t\t\t<\/div>\n\t\t<\/section>\n\t\t\t\t<section class=\"elementor-section elementor-top-section elementor-element elementor-element-c60c0af elementor-section-boxed elementor-section-height-default elementor-section-height-default\" data-id=\"c60c0af\" data-element_type=\"section\" data-e-type=\"section\">\n\t\t\t\t\t\t<div class=\"elementor-container elementor-column-gap-default\">\n\t\t\t\t\t<div class=\"elementor-column elementor-col-100 elementor-top-column elementor-element elementor-element-eac0301\" data-id=\"eac0301\" data-element_type=\"column\" data-e-type=\"column\">\n\t\t\t<div class=\"elementor-widget-wrap elementor-element-populated\">\n\t\t\t\t\t\t<section class=\"elementor-section elementor-inner-section elementor-element elementor-element-5233aaf elementor-section-boxed elementor-section-height-default elementor-section-height-default\" data-id=\"5233aaf\" data-element_type=\"section\" data-e-type=\"section\">\n\t\t\t\t\t\t<div class=\"elementor-container elementor-column-gap-default\">\n\t\t\t\t\t<div class=\"elementor-column elementor-col-50 elementor-inner-column elementor-element elementor-element-0dcb2da\" data-id=\"0dcb2da\" data-element_type=\"column\" data-e-type=\"column\">\n\t\t\t<div class=\"elementor-widget-wrap elementor-element-populated\">\n\t\t\t\t\t\t<div class=\"elementor-element elementor-element-dfc5907 elementor-widget elementor-widget-image\" data-id=\"dfc5907\" data-element_type=\"widget\" data-e-type=\"widget\" data-widget_type=\"image.default\">\n\t\t\t\t<div class=\"elementor-widget-container\">\n\t\t\t\t\t\t\t\t\t\t\t\t\t\t\t<img fetchpriority=\"high\" decoding=\"async\" width=\"515\" height=\"515\" src=\"http:\/\/padcomunicacion.com\/wp-content\/uploads\/2019\/11\/01_orig.jpg\" class=\"attachment-large size-large wp-image-179\" alt=\"\" srcset=\"http:\/\/padcomunicacion.com\/wp-content\/uploads\/2019\/11\/01_orig.jpg 515w, http:\/\/padcomunicacion.com\/wp-content\/uploads\/2019\/11\/01_orig-300x300.jpg 300w, http:\/\/padcomunicacion.com\/wp-content\/uploads\/2019\/11\/01_orig-150x150.jpg 150w\" sizes=\"(max-width: 515px) 100vw, 515px\" \/>\t\t\t\t\t\t\t\t\t\t\t\t\t\t\t<\/div>\n\t\t\t\t<\/div>\n\t\t\t\t\t<\/div>\n\t\t<\/div>\n\t\t\t\t<div class=\"elementor-column elementor-col-50 elementor-inner-column elementor-element elementor-element-ee0306d\" data-id=\"ee0306d\" data-element_type=\"column\" data-e-type=\"column\">\n\t\t\t<div class=\"elementor-widget-wrap elementor-element-populated\">\n\t\t\t\t\t\t<div class=\"elementor-element elementor-element-719d913 elementor-widget elementor-widget-text-editor\" data-id=\"719d913\" data-element_type=\"widget\" data-e-type=\"widget\" data-widget_type=\"text-editor.default\">\n\t\t\t\t<div class=\"elementor-widget-container\">\n\t\t\t\t\t\t\t\t\t<p><span style=\"color: #626262; font-family: Roboto;\">Imprimimos en todos los formatos y materiales con la m\u00e1s alta calidad.<\/span><br style=\"color: #626262; font-family: Roboto;\" \/><br style=\"color: #626262; font-family: Roboto;\" \/><span style=\"color: #626262; font-family: Roboto;\">Dise\u00f1amos y producimos material textil con fines promocionales o corporativos.<\/span><br style=\"color: #626262; font-family: Roboto;\" \/><br style=\"color: #626262; font-family: Roboto;\" \/><span style=\"color: #626262; font-family: Roboto;\">Dise\u00f1amos y producimos aplicaciones de marca en m\u00faltiples elementos promocionales.<\/span><\/p><ul style=\"color: #626262; font-family: Roboto;\"><li>Dise\u00f1o textil<\/li><li>Dise\u00f1o y producci\u00f3n de indumentaria promocional<\/li><li>Dise\u00f1o y producci\u00f3n de indumentaria corporativa<\/li><li>Dise\u00f1o y producci\u00f3n de uniformes y ropa de trabajo<\/li><\/ul><ul style=\"color: #626262; font-family: Roboto;\"><li>Carteler\u00eda y Se\u00f1al\u00e9tica<\/li><li>Carteler\u00eda exterior e interior<\/li><li>Banners<\/li><li>Marquesinas y\u00a0Se\u00f1al\u00e9tica<\/li><li>Flyers y banderas<\/li><li>Merchandising<\/li><li>Vinilos y ploteo en todos los formatos<\/li><\/ul>\t\t\t\t\t\t\t\t<\/div>\n\t\t\t\t<\/div>\n\t\t\t\t\t<\/div>\n\t\t<\/div>\n\t\t\t\t\t<\/div>\n\t\t<\/section>\n\t\t\t\t\t<\/div>\n\t\t<\/div>\n\t\t\t\t\t<\/div>\n\t\t<\/section>\n\t\t\t\t<\/div>\n\t\t","protected":false},"excerpt":{"rendered":"<p>PRODUCCI\u00d3N Imprimimos en todos los formatos y materiales con la m\u00e1s alta calidad.Dise\u00f1amos y producimos material textil con fines promocionales o corporativos.Dise\u00f1amos y producimos aplicaciones de marca en m\u00faltiples elementos promocionales. Dise\u00f1o textil Dise\u00f1o y producci\u00f3n de indumentaria promocional Dise\u00f1o y producci\u00f3n de indumentaria corporativa Dise\u00f1o y producci\u00f3n de uniformes y ropa de trabajo Carteler\u00eda&hellip;&nbsp;<a href=\"http:\/\/padcomunicacion.com\/index.php\/produccion\/\" rel=\"bookmark\">Leer m\u00e1s &raquo;<span class=\"screen-reader-text\">Producci\u00f3n<\/span><\/a><\/p>\n","protected":false},"author":1,"featured_media":0,"parent":0,"menu_order":0,"comment_status":"closed","ping_status":"closed","template":"page-templates\/template-pagebuilder-full-width.php","meta":{"neve_meta_sidebar":"default","neve_meta_container":"default","neve_meta_enable_content_width":"off","neve_meta_content_width":70,"neve_meta_title_alignment":"","neve_meta_author_avatar":"","neve_post_elements_order":"","neve_meta_disable_header":"off","neve_meta_disable_footer":"off","neve_meta_disable_title":"off","footnotes":""},"class_list":["post-17","page","type-page","status-publish","hentry"],"_links":{"self":[{"href":"http:\/\/padcomunicacion.com\/index.php\/wp-json\/wp\/v2\/pages\/17","targetHints":{"allow":["GET"]}}],"collection":[{"href":"http:\/\/padcomunicacion.com\/index.php\/wp-json\/wp\/v2\/pages"}],"about":[{"href":"http:\/\/padcomunicacion.com\/index.php\/wp-json\/wp\/v2\/types\/page"}],"author":[{"embeddable":true,"href":"http:\/\/padcomunicacion.com\/index.php\/wp-json\/wp\/v2\/users\/1"}],"replies":[{"embeddable":true,"href":"http:\/\/padcomunicacion.com\/index.php\/wp-json\/wp\/v2\/comments?post=17"}],"version-history":[{"count":8,"href":"http:\/\/padcomunicacion.com\/index.php\/wp-json\/wp\/v2\/pages\/17\/revisions"}],"predecessor-version":[{"id":388,"href":"http:\/\/padcomunicacion.com\/index.php\/wp-json\/wp\/v2\/pages\/17\/revisions\/388"}],"wp:attachment":[{"href":"http:\/\/padcomunicacion.com\/index.php\/wp-json\/wp\/v2\/media?parent=17"}],"curies":[{"name":"wp","href":"https:\/\/api.w.org\/{rel}","templated":true}]}}