{"id":16,"date":"2019-11-26T19:23:20","date_gmt":"2019-11-26T19:23:20","guid":{"rendered":"http:\/\/padcomunicacion.com\/?page_id=16"},"modified":"2019-11-30T17:54:01","modified_gmt":"2019-11-30T17:54:01","slug":"creatividad","status":"publish","type":"page","link":"http:\/\/padcomunicacion.com\/index.php\/creatividad\/","title":{"rendered":"Creatividad"},"content":{"rendered":"\t\t<div data-elementor-type=\"wp-page\" data-elementor-id=\"16\" class=\"elementor elementor-16\">\n\t\t\t\t\t\t<section class=\"elementor-section elementor-top-section elementor-element elementor-element-0edb8c1 elementor-section-boxed elementor-section-height-default elementor-section-height-default\" data-id=\"0edb8c1\" data-element_type=\"section\" data-e-type=\"section\">\n\t\t\t\t\t\t<div class=\"elementor-container elementor-column-gap-default\">\n\t\t\t\t\t<div class=\"elementor-column elementor-col-100 elementor-top-column elementor-element elementor-element-448bec0\" data-id=\"448bec0\" data-element_type=\"column\" data-e-type=\"column\">\n\t\t\t<div class=\"elementor-widget-wrap elementor-element-populated\">\n\t\t\t\t\t\t<div class=\"elementor-element elementor-element-54711c3 elementor-widget elementor-widget-heading\" data-id=\"54711c3\" data-element_type=\"widget\" data-e-type=\"widget\" data-widget_type=\"heading.default\">\n\t\t\t\t<div class=\"elementor-widget-container\">\n\t\t\t\t\t<h2 class=\"elementor-heading-title elementor-size-xl\">CREATIVIDAD<\/h2>\t\t\t\t<\/div>\n\t\t\t\t<\/div>\n\t\t\t\t\t<\/div>\n\t\t<\/div>\n\t\t\t\t\t<\/div>\n\t\t<\/section>\n\t\t\t\t<section class=\"elementor-section elementor-top-section elementor-element elementor-element-1d1b06d elementor-section-boxed elementor-section-height-default elementor-section-height-default\" data-id=\"1d1b06d\" data-element_type=\"section\" data-e-type=\"section\">\n\t\t\t\t\t\t<div class=\"elementor-container elementor-column-gap-default\">\n\t\t\t\t\t<div class=\"elementor-column elementor-col-100 elementor-top-column elementor-element elementor-element-8180673\" data-id=\"8180673\" data-element_type=\"column\" data-e-type=\"column\">\n\t\t\t<div class=\"elementor-widget-wrap elementor-element-populated\">\n\t\t\t\t\t\t<section class=\"elementor-section elementor-inner-section elementor-element elementor-element-675ceff elementor-section-boxed elementor-section-height-default elementor-section-height-default\" data-id=\"675ceff\" data-element_type=\"section\" data-e-type=\"section\">\n\t\t\t\t\t\t<div class=\"elementor-container elementor-column-gap-default\">\n\t\t\t\t\t<div class=\"elementor-column elementor-col-50 elementor-inner-column elementor-element elementor-element-3373e89\" data-id=\"3373e89\" data-element_type=\"column\" data-e-type=\"column\">\n\t\t\t<div class=\"elementor-widget-wrap elementor-element-populated\">\n\t\t\t\t\t\t<div class=\"elementor-element elementor-element-944af48 elementor-widget elementor-widget-image\" data-id=\"944af48\" data-element_type=\"widget\" data-e-type=\"widget\" data-widget_type=\"image.default\">\n\t\t\t\t<div class=\"elementor-widget-container\">\n\t\t\t\t\t\t\t\t\t\t\t\t\t\t\t<img fetchpriority=\"high\" decoding=\"async\" width=\"600\" height=\"786\" src=\"http:\/\/padcomunicacion.com\/wp-content\/uploads\/2019\/11\/04_orig.jpg\" class=\"attachment-large size-large wp-image-171\" alt=\"\" srcset=\"http:\/\/padcomunicacion.com\/wp-content\/uploads\/2019\/11\/04_orig.jpg 600w, http:\/\/padcomunicacion.com\/wp-content\/uploads\/2019\/11\/04_orig-229x300.jpg 229w\" sizes=\"(max-width: 600px) 100vw, 600px\" \/>\t\t\t\t\t\t\t\t\t\t\t\t\t\t\t<\/div>\n\t\t\t\t<\/div>\n\t\t\t\t\t<\/div>\n\t\t<\/div>\n\t\t\t\t<div class=\"elementor-column elementor-col-50 elementor-inner-column elementor-element elementor-element-e39f039\" data-id=\"e39f039\" data-element_type=\"column\" data-e-type=\"column\">\n\t\t\t<div class=\"elementor-widget-wrap elementor-element-populated\">\n\t\t\t\t\t\t<div class=\"elementor-element elementor-element-cfda686 elementor-widget elementor-widget-text-editor\" data-id=\"cfda686\" data-element_type=\"widget\" data-e-type=\"widget\" data-widget_type=\"text-editor.default\">\n\t\t\t\t<div class=\"elementor-widget-container\">\n\t\t\t\t\t\t\t\t\t<p><span style=\"color: #626262; font-family: Roboto;\">Creamos la Imagen gr\u00e1fica y todas las piezas \u00a0y aplicaciones necesarias para la Comunicaci\u00f3n Externa e Interna.<\/span><br style=\"color: #626262; font-family: Roboto;\" \/><span style=\"color: #626262; font-family: Roboto;\">Desarrollamos la Imagen digital y las aplicaciones para todos los dispositivos.<\/span><br style=\"color: #626262; font-family: Roboto;\" \/><span style=\"color: #626262; font-family: Roboto;\">Redactamos material promocional y publicitario. Dotamos de contenido medios de comunicaci\u00f3n.<\/span><br style=\"color: #626262; font-family: Roboto;\" \/><br style=\"color: #626262; font-family: Roboto;\" \/><strong style=\"color: #626262; font-family: Roboto;\">Dise\u00f1o Gr\u00e1fico y Editorial<\/strong><\/p><ul style=\"color: #626262; font-family: Roboto;\"><li>Dise\u00f1o original de imagen y Manual de aplicaci\u00f3n<\/li><li>Dise\u00f1o de Identidad Corporativa y material gr\u00e1fico<\/li><li>Dise\u00f1o Editorial de material promocional y publicitario<\/li><li>Diagramaci\u00f3n de Medios institucionales\u00a0<\/li><li>Se\u00f1al\u00e9tica<\/li><li>Dise\u00f1o publicitario<\/li><li>Packaging<\/li><\/ul><p><span style=\"color: #626262; font-family: Roboto;\">\u00a0<\/span><br style=\"color: #626262; font-family: Roboto;\" \/><strong style=\"color: #626262; font-family: Roboto;\">Dise\u00f1o Digital<\/strong><\/p><ul style=\"color: #626262; font-family: Roboto;\"><li>Creaci\u00f3n de sitios web<\/li><li>Dise\u00f1o multimedia<\/li><li>Aplicaciones m\u00f3viles<\/li><\/ul><p><span style=\"color: #626262; font-family: Roboto;\">\u00a0<\/span><br style=\"color: #626262; font-family: Roboto;\" \/><strong style=\"color: #626262; font-family: Roboto;\">Redacci\u00f3n creativa y Period\u00edstica<\/strong><\/p><ul style=\"color: #626262; font-family: Roboto;\"><li>Redacci\u00f3n publicitaria y\u00a0corporativa<\/li><li>Manuales de Marca,\u00a0Procedimiento e Inducci\u00f3n<\/li><li>Redacci\u00f3n de contenidos para Medios institucionales<\/li><\/ul>\t\t\t\t\t\t\t\t<\/div>\n\t\t\t\t<\/div>\n\t\t\t\t\t<\/div>\n\t\t<\/div>\n\t\t\t\t\t<\/div>\n\t\t<\/section>\n\t\t\t\t\t<\/div>\n\t\t<\/div>\n\t\t\t\t\t<\/div>\n\t\t<\/section>\n\t\t\t\t<\/div>\n\t\t","protected":false},"excerpt":{"rendered":"<p>CREATIVIDAD Creamos la Imagen gr\u00e1fica y todas las piezas \u00a0y aplicaciones necesarias para la Comunicaci\u00f3n Externa e Interna.Desarrollamos la Imagen digital y las aplicaciones para todos los dispositivos.Redactamos material promocional y publicitario. Dotamos de contenido medios de comunicaci\u00f3n.Dise\u00f1o Gr\u00e1fico y Editorial Dise\u00f1o original de imagen y Manual de aplicaci\u00f3n Dise\u00f1o de Identidad Corporativa y material&hellip;&nbsp;<a href=\"http:\/\/padcomunicacion.com\/index.php\/creatividad\/\" rel=\"bookmark\">Leer m\u00e1s &raquo;<span class=\"screen-reader-text\">Creatividad<\/span><\/a><\/p>\n","protected":false},"author":1,"featured_media":0,"parent":0,"menu_order":0,"comment_status":"closed","ping_status":"closed","template":"page-templates\/template-pagebuilder-full-width.php","meta":{"neve_meta_sidebar":"default","neve_meta_container":"default","neve_meta_enable_content_width":"off","neve_meta_content_width":70,"neve_meta_title_alignment":"","neve_meta_author_avatar":"","neve_post_elements_order":"","neve_meta_disable_header":"off","neve_meta_disable_footer":"off","neve_meta_disable_title":"off","footnotes":""},"class_list":["post-16","page","type-page","status-publish","hentry"],"_links":{"self":[{"href":"http:\/\/padcomunicacion.com\/index.php\/wp-json\/wp\/v2\/pages\/16","targetHints":{"allow":["GET"]}}],"collection":[{"href":"http:\/\/padcomunicacion.com\/index.php\/wp-json\/wp\/v2\/pages"}],"about":[{"href":"http:\/\/padcomunicacion.com\/index.php\/wp-json\/wp\/v2\/types\/page"}],"author":[{"embeddable":true,"href":"http:\/\/padcomunicacion.com\/index.php\/wp-json\/wp\/v2\/users\/1"}],"replies":[{"embeddable":true,"href":"http:\/\/padcomunicacion.com\/index.php\/wp-json\/wp\/v2\/comments?post=16"}],"version-history":[{"count":4,"href":"http:\/\/padcomunicacion.com\/index.php\/wp-json\/wp\/v2\/pages\/16\/revisions"}],"predecessor-version":[{"id":331,"href":"http:\/\/padcomunicacion.com\/index.php\/wp-json\/wp\/v2\/pages\/16\/revisions\/331"}],"wp:attachment":[{"href":"http:\/\/padcomunicacion.com\/index.php\/wp-json\/wp\/v2\/media?parent=16"}],"curies":[{"name":"wp","href":"https:\/\/api.w.org\/{rel}","templated":true}]}}